{"id":2,"date":"2023-01-06T05:04:59","date_gmt":"2023-01-06T05:04:59","guid":{"rendered":"https:\/\/tchabogados.com\/zh\/?page_id=2"},"modified":"2023-01-06T19:51:44","modified_gmt":"2023-01-06T19:51:44","slug":"privacy-policy","status":"publish","type":"page","link":"https:\/\/tchabogados.com\/zh\/privacy-policy\/","title":{"rendered":"Privacy Policy"},"content":{"rendered":"\n<h1>Aviso de Privacidad<\/h1>\n\n\n\n<p>TCH Abogados, con domicilio en Avenida de la Industria, No. 300, C-21, colonia Veredalta, en el Municipio de San Pedro Garza Garc\u00eda, con portal www.tchabogados.com, es la responsable del uso y protecci\u00f3n de sus datos personales, y al respecto le informamos lo siguiente:<\/p>\n\n\n\n<p>\u00bfPara qu\u00e9 fines utilizaremos sus datos personales?<\/p>\n\n\n\n<p>Los datos personales que recabamos de usted, los utilizaremos para las siguientes finalidades que son necesarias para el servicio e informaci\u00f3n que solicita:<\/p>\n\n\n\n<p>Contacto en caso de solicitar informaci\u00f3n respecto de alguno de los servicios que prestamos.<br>Para tener un canal de comunicaci\u00f3n entre el interesado y TCH Abogados en caso de orientaci\u00f3n e informaci\u00f3n sobre los servicios que ofrecemos.<br>Aclaraciones o dudas relacionadas a las demandas colectivas o casos y expedientes en tr\u00e1mite<br>Para la realizaci\u00f3n del pago y facturaci\u00f3n de los servicios.<\/p>\n\n\n\n<p>De manera adicional, utilizaremos su informaci\u00f3n personal para las siguientes finalidades secundarias que no son necesarias para el servicio solicitado, pero que nos permiten y facilitan brindarle una mejor atenci\u00f3n:<\/p>\n\n\n\n<p>env\u00edo de informaci\u00f3n de servicios nuevos, cursos, promociones, propaganda e informaci\u00f3n general de TCH Abogados.<\/p>\n\n\n\n<p>En caso de que no desee que sus datos personales se utilicen para estos fines secundarios, ind\u00edquelo a continuaci\u00f3n:<br>No consiento que mis datos personales se utilicen para los siguientes fines:<\/p>\n\n\n\n<p>[ <em>__<\/em> ] env\u00edo de ofertas, cursos, promociones, propaganda e informaci\u00f3n general de la empresa.<\/p>\n\n\n\n<p>La negativa para el uso de sus datos personales para estas finalidades no podr\u00e1 ser un motivo para que le neguemos los servicios y productos que solicita o contrata con nosotros.<\/p>\n\n\n\n<p>\u00bfQu\u00e9 datos personales utilizaremos para estos fines?<\/p>\n\n\n\n<p>Para llevar a cabo las finalidades descritas en el presente aviso de privacidad, utilizaremos los siguientes datos personales:<\/p>\n\n\n\n<p>Nombre Completo<br>Tel\u00e9fono y\/o Celular<br>Correo electr\u00f3nico<br>Informaci\u00f3n relacionada al asunto del que requiera asesor\u00eda por TCH Abogados<\/p>\n\n\n\n<p>TCH Abogados no transferir\u00e1 sus datos personales sin autorizaci\u00f3n de usted.<\/p>\n\n\n\n<p>\u00bfC\u00f3mo puede acceder, rectificar o cancelar sus datos personales, u oponerse a su uso?<\/p>\n\n\n\n<p>Usted tiene derecho a conocer qu\u00e9 datos personales tenemos de usted, para qu\u00e9 los utilizamos y las condiciones del uso que les damos (Acceso). Asimismo, es su derecho solicitar la correcci\u00f3n de su informaci\u00f3n personal en caso de que est\u00e9 desactualizada, sea inexacta o incompleta (Rectificaci\u00f3n); que la eliminemos de nuestros registros o bases de datos cuando considere que la misma no est\u00e1 siendo utilizada adecuadamente (Cancelaci\u00f3n); as\u00ed como oponerse al uso de sus datos personales para fines espec\u00edficos (Oposici\u00f3n). Estos derechos se conocen como derechos ARCO.<\/p>\n\n\n\n<p>Para el ejercicio de cualquiera de los derechos ARCO, usted deber\u00e1 presentar la solicitud respectiva a trav\u00e9s del siguiente medio:<\/p>\n\n\n\n<p>Enviar un correo electr\u00f3nico a la siguiente direcci\u00f3n contacto@tchabogados.com<\/p>\n\n\n\n<p>Con relaci\u00f3n al procedimiento y requisitos para el ejercicio de sus derechos ARCO, le informamos lo siguiente:<\/p>\n\n\n\n<p>a) \u00bfA trav\u00e9s de qu\u00e9 medios pueden acreditar su identidad el titular y, en su caso, su representante, as\u00ed como la personalidad de este \u00faltimo?<\/p>\n\n\n\n<p>INE, Pasaporte, Cartilla del Servicio Militar Nacional, C\u00e9dula Profesional, adem\u00e1s de estos documentos, se consideran como tales, indistintamente, el certificado o constancia de estudios con foto, constancia de residencia emitida por la autoridad de residencia del Titular, credencial de afiliaci\u00f3n del IMSS o del ISSSTE. En caso de que se promueva a trav\u00e9s de un representante, se deber\u00e1 anexar el instrumento notarial o la carta poder ante dos testigos, donde conste dicha representaci\u00f3n.<\/p>\n\n\n\n<p>b) \u00bfQu\u00e9 informaci\u00f3n y\/o documentaci\u00f3n deber\u00e1 contener la solicitud?<\/p>\n\n\n\n<p>Nombre del Titular de los datos personales, documento que acredite la identidad del Titular, en su caso nombre del representante del Titular y documentos para acreditar su identidad y personalidad, correo electr\u00f3nico para recibir la respuesta que se emita a la solicitud y dem\u00e1s notificaciones, descripci\u00f3n clara y precisa de los datos personales sobre los cuales se quiera ejercer alguno de los derechos ARCO, descripci\u00f3n del derecho que se quiere ejercer o de lo que solicita el Titular; en su caso documentos o informaci\u00f3n que faciliten la localizaci\u00f3n de los datos personales, entre ella el \u00e1rea responsable del tratamiento.<\/p>\n\n\n\n<p>c) \u00bfEn cu\u00e1ntos d\u00edas le daremos respuesta a su solicitud?<\/p>\n\n\n\n<p>20 d\u00edas h\u00e1biles, plazo que podr\u00e1 ser ampliado por una sola vez en un periodo igual cuando exista causa justificada para ello. Si resulta procedente su solicitud, se har\u00e1 efectivo el derecho dentro de los 15 d\u00edas siguientes a la fecha en que se comunique la respuesta.<\/p>\n\n\n\n<p>d) \u00bfPor qu\u00e9 medio le comunicaremos la respuesta a su solicitud?<\/p>\n\n\n\n<p>Por el correo electr\u00f3nico que se haya se\u00f1alado para tal efecto.<\/p>\n\n\n\n<p>e) \u00bfEn qu\u00e9 medios se pueden reproducir los datos personales que, en su caso, solicite?<\/p>\n\n\n\n<p>Copia simple y medios electr\u00f3nicos<\/p>\n\n\n\n<p>Los datos de contacto de la persona o departamento de datos personales, que est\u00e1 a cargo de dar tr\u00e1mite a las solicitudes de derechos ARCO, son los siguientes:<\/p>\n\n\n\n<p>Contacto: Departamento de datos personales<br>Domicilio: Av. de la Industria No. 300, C-21, Col. Veredalta, San Pedro Garza Garc\u00eda, Nuevo Le\u00f3n, C.P. 66270<br>Correo electr\u00f3nico: contacto@tchabogados.com<\/p>\n\n\n\n<p>Usted puede revocar su consentimiento para el uso de sus datos personales.<\/p>\n\n\n\n<p>Usted puede revocar el consentimiento que, en su caso, nos haya otorgado para el tratamiento de sus datos personales. Sin embargo, es importante que tenga en cuenta que no en todos los casos podremos atender su solicitud o concluir el uso de forma inmediata, ya que es posible que por alguna obligaci\u00f3n legal requiramos seguir tratando sus datos personales. Asimismo, usted deber\u00e1 considerar que, para ciertos fines, la revocaci\u00f3n de su consentimiento implicar\u00e1 que no le podamos seguir prestando el servicio que nos solicit\u00f3, o la conclusi\u00f3n de su relaci\u00f3n con nosotros.<\/p>\n\n\n\n<p>Para revocar su consentimiento deber\u00e1 presentar su solicitud a trav\u00e9s del siguiente medio:<\/p>\n\n\n\n<p>Por escrito al correo electr\u00f3nico: contacto@tchabogados.com<\/p>\n\n\n\n<p>Con relaci\u00f3n al procedimiento y requisitos para la revocaci\u00f3n de su consentimiento, le informamos lo siguiente:<\/p>\n\n\n\n<p>a) \u00bfA trav\u00e9s de qu\u00e9 medios pueden acreditar su identidad el titular y, en su caso, su representante, as\u00ed como la personalidad este \u00faltimo?<\/p>\n\n\n\n<p>INE, Pasaporte, Cartilla del Servicio Militar Nacional, C\u00e9dula Profesional, adem\u00e1s de estos documentos, se consideran como tales, indistintamente, el certificado o constancia de estudios con foto, constancia de residencia emitida por la autoridad de residencia del Titular, credencial de afiliaci\u00f3n del IMSS o del ISSSTE. En caso de que se promueva a trav\u00e9s de un representante, se deber\u00e1 anexar el instrumento notarial o la carta poder ante dos testigos, donde conste dicha representaci\u00f3n.\u2028\u2028b) \u00bfQu\u00e9 informaci\u00f3n y\/o documentaci\u00f3n deber\u00e1 contener la solicitud?<\/p>\n\n\n\n<p>Nombre del Titular de los datos personales, documento que acredite la identidad del Titular, en su caso nombre del representante del Titular y documentos para acreditar su identidad y personalidad, correo electr\u00f3nico para recibir la respuesta que se emita a la solicitud y dem\u00e1s notificaciones, descripci\u00f3n clara y precisa de los datos personales sobre los cuales se quiera ejercer alguno de los derechos ARCO, descripci\u00f3n del derecho que se quiere ejercer o de lo que solicita el Titular; en su caso documentos o informaci\u00f3n que faciliten la localizaci\u00f3n de los datos personales, entre ella el \u00e1rea responsable del tratamiento.<\/p>\n\n\n\n<p>c) \u00bfEn cu\u00e1ntos d\u00edas le daremos respuesta a su solicitud?<br>20 d\u00edas h\u00e1biles, plazo que podr\u00e1 ser ampliado por una sola vez en un periodo igual cuando exista causa justificada para ello. Si resulta procedente su solicitud, se har\u00e1 efectivo el derecho dentro de los 15 d\u00edas siguientes a la fecha en que se comunique la respuesta.<\/p>\n\n\n\n<p>d) \u00bfPor qu\u00e9 medio le comunicaremos la respuesta a su solicitud?<\/p>\n\n\n\n<p>Por el correo electr\u00f3nico que se haya se\u00f1alado para tal efecto.<\/p>\n\n\n\n<p>\u00bfC\u00f3mo puede limitar el uso o divulgaci\u00f3n de su informaci\u00f3n personal?<\/p>\n\n\n\n<p>Con objeto de que usted pueda limitar el uso y divulgaci\u00f3n de su informaci\u00f3n personal, le ofrecemos los siguientes medios:<\/p>\n\n\n\n<p>Usted podr\u00e1 limitar el uso o divulgaci\u00f3n de sus datos personales enviando su solicitud al correo electr\u00f3nico arcojusticiacolectiva@gmail.com y en caso de que su solicitud resulte procedente, el Departamento de Datos Personales lo registrar\u00e1 en el listado de exclusi\u00f3n para la finalidad para la cual es aplicable dicha exclusi\u00f3n.<\/p>\n\n\n\n<p>\u00bfC\u00f3mo puede conocer los cambios en este aviso de privacidad?<br>El presente aviso de privacidad puede sufrir modificaciones, cambios o actualizaciones derivadas de nuevos requerimientos legales; de nuestras propias necesidades por los productos o servicios que ofrecemos; de nuestras pr\u00e1cticas de privacidad; de cambios en nuestro modelo de negocio, o por otras causas.<\/p>\n\n\n\n<p>Nos comprometemos a mantenerlo informado sobre los cambios que pueda sufrir el presente aviso de privacidad, a trav\u00e9s de, nuestro sitio de Internet: www.tchabogados.com Para ello, le sugerimos visitar con frecuencia este sitio, a fin de mantenerse oportunamente informado.<\/p>\n","protected":false},"excerpt":{"rendered":"<p>Aviso de Privacidad TCH Abogados, con domicilio en Avenida de la Industria, No. 300, C-21, colonia Veredalta, en el Municipio de San Pedro Garza Garc\u00eda, con portal www.tchabogados.com, es la responsable del uso y protecci\u00f3n de sus datos personales, y al respecto le informamos lo siguiente: \u00bfPara qu\u00e9 fines utilizaremos sus datos personales? Los datos [&hellip;]<\/p>\n","protected":false},"author":1,"featured_media":0,"parent":0,"menu_order":0,"comment_status":"closed","ping_status":"open","template":"","meta":{"kia_subtitle":""},"_links":{"self":[{"href":"https:\/\/tchabogados.com\/zh\/wp-json\/wp\/v2\/pages\/2"}],"collection":[{"href":"https:\/\/tchabogados.com\/zh\/wp-json\/wp\/v2\/pages"}],"about":[{"href":"https:\/\/tchabogados.com\/zh\/wp-json\/wp\/v2\/types\/page"}],"author":[{"embeddable":true,"href":"https:\/\/tchabogados.com\/zh\/wp-json\/wp\/v2\/users\/1"}],"replies":[{"embeddable":true,"href":"https:\/\/tchabogados.com\/zh\/wp-json\/wp\/v2\/comments?post=2"}],"version-history":[{"count":1,"href":"https:\/\/tchabogados.com\/zh\/wp-json\/wp\/v2\/pages\/2\/revisions"}],"predecessor-version":[{"id":170,"href":"https:\/\/tchabogados.com\/zh\/wp-json\/wp\/v2\/pages\/2\/revisions\/170"}],"wp:attachment":[{"href":"https:\/\/tchabogados.com\/zh\/wp-json\/wp\/v2\/media?parent=2"}],"curies":[{"name":"wp","href":"https:\/\/api.w.org\/{rel}","templated":true}]}}